{"id":328,"date":"2024-04-05T21:30:59","date_gmt":"2024-04-05T19:30:59","guid":{"rendered":"https:\/\/intranet.mteps.gob.bo\/?page_id=328"},"modified":"2025-12-05T16:54:30","modified_gmt":"2025-12-05T20:54:30","slug":"descripcion-de-los-objetivos-y-funciones-principales-de-la-entidad-2","status":"publish","type":"page","link":"https:\/\/intranet.mteps.gob.bo\/index.php\/descripcion-de-los-objetivos-y-funciones-principales-de-la-entidad-2\/","title":{"rendered":"Objetivos Institucionales"},"content":{"rendered":"\n<hr class=\"wp-block-separator has-alpha-channel-opacity\"\/>\n\n\n\n<p>El Ministerio de Trabajo, Empleo y Previsi\u00f3n Social tiene cinco (5) Objetivos Estrat\u00e9gicos Institucionales:<\/p>\n\n\n\n<h2 class=\"wp-block-heading\">1. Derechos Socio-laborales<\/h2>\n\n\n\n<p class=\"has-medium-font-size\">Promover, proteger y organizar los derechos socio-laborales, desarrollando e implementando normativa, pol\u00edticas, programas y proyectos en el marco del trabajo y empleo digno.<\/p>\n\n\n\n<h2 class=\"wp-block-heading\">2. Derechos Fundamentales del Trabajo<\/h2>\n\n\n\n<p><\/p>\n\n\n\n<p>\u00a0Erradicar toda forma de trabajo forzoso, las determinantes del trabajo infantil, racismo, discriminaci\u00f3n, trata y tr\u00e1fico en el \u00e1mbito laboral; protecci\u00f3n de los adolescentes y j\u00f3venes trabajadores; asimismo, reducir la brecha salarial entre hombres y mujeres, trabajadores del campo y ciudad en situaci\u00f3n de vulnerabilidad, a trav\u00e9s de la restituci\u00f3n de los derechos socio-laborales y fundamentales.<\/p>\n\n\n\n<h2 class=\"wp-block-heading\">3. Promoci\u00f3n del Empleo<\/h2>\n\n\n\n<p>Promover y desarrollar la pol\u00edtica nacional de empleo, mediante planes, programas y proyectos articulados territorialmente, con \u00e9nfasis en poblaci\u00f3n en situaci\u00f3n de vulnerabilidad, para mejorar la empleabilidad a nivel nacional.<\/p>\n\n\n\n<h2 class=\"wp-block-heading\">4. Promoci\u00f3n y Fortalecimiento del Sector Cooperativo<\/h2>\n\n\n\n<p>Generar pol\u00edticas p\u00fablicas de fomento, promoci\u00f3n y protecci\u00f3n al Sector Cooperativo, precautelando su estabilidad, organizaci\u00f3n, funcionamiento y fortalecimiento.<\/p>\n\n\n\n<p><\/p>\n\n\n\n<h2 class=\"wp-block-heading\">5. Gesti\u00f3n Institucional<\/h2>\n\n\n\n<p>Contribuir al cumplimiento de los objetivos institucionales, mediante la transformaci\u00f3n de la gesti\u00f3n p\u00fablica descolonizadora, despatriarcalizadora; con personal t\u00e9cnicamente cualificado, con uso de lenguas ind\u00edgenas y socialmente comprometido; mejorando la implementaci\u00f3n, sistematizaci\u00f3n y automatizaci\u00f3n de procesos.<\/p>\n\n\n\n<div style=\"display: flex; align-items: center;\">\n  <img decoding=\"async\" src=\"https:\/\/intranet.mteps.gob.bo\/wp-content\/uploads\/2024\/12\/cropped-icone-photo2.png\" alt=\"Descripci\u00f3n de la imagen\" style=\"width: 150px; height: auto; margin-right: 15px;\">\n  <p style=\"margin: 0;\">Esta es la descripci\u00f3n de la imagen. Puedes ajustar este texto seg\u00fan sea necesario.<\/p>\n<\/div>\n\n<div style=\"display: flex; align-items: center;\">\n  <img decoding=\"async\" src=\"https:\/\/intranet.mteps.gob.bo\/wp-content\/uploads\/2024\/12\/cropped-icone-photo2.png\" alt=\"Descripci\u00f3n de la imagen\" style=\"width: 150px; height: auto; margin-right: 15px;\">\n  <p style=\"margin: 0;\">Esta es la descripci\u00f3n de la imagen. Puedes ajustar este texto seg\u00fan sea necesario.<\/p>\n<\/div>\n\n<div style=\"display: flex; align-items: center;\">\n  <img decoding=\"async\" src=\"https:\/\/intranet.mteps.gob.bo\/wp-content\/uploads\/2024\/12\/cropped-icone-photo2.png\" alt=\"Descripci\u00f3n de la imagen\" style=\"width: 150px; height: auto; margin-right: 15px;\">\n  <p style=\"margin: 0;\">Esta es la descripci\u00f3n de la imagen. Puedes ajustar este texto seg\u00fan sea necesario.<\/p>\n<\/div>\n","protected":false},"excerpt":{"rendered":"<p>El Ministerio de Trabajo, Empleo y Previsi\u00f3n Social tiene cinco (5) Objetivos Estrat\u00e9gicos Institucionales: 1. Derechos Socio-laborales Promover, proteger y organizar los derechos socio-laborales, desarrollando e implementando normativa, pol\u00edticas, programas y proyectos en el marco del trabajo y empleo digno. 2. Derechos Fundamentales del Trabajo \u00a0Erradicar toda forma de trabajo forzoso, las determinantes del trabajo [&hellip;]<\/p>\n","protected":false},"author":1,"featured_media":0,"parent":0,"menu_order":0,"comment_status":"closed","ping_status":"closed","template":"","meta":{"_acf_changed":false,"footnotes":""},"class_list":["post-328","page","type-page","status-publish","hentry"],"acf":[],"_links":{"self":[{"href":"https:\/\/intranet.mteps.gob.bo\/index.php\/wp-json\/wp\/v2\/pages\/328","targetHints":{"allow":["GET"]}}],"collection":[{"href":"https:\/\/intranet.mteps.gob.bo\/index.php\/wp-json\/wp\/v2\/pages"}],"about":[{"href":"https:\/\/intranet.mteps.gob.bo\/index.php\/wp-json\/wp\/v2\/types\/page"}],"author":[{"embeddable":true,"href":"https:\/\/intranet.mteps.gob.bo\/index.php\/wp-json\/wp\/v2\/users\/1"}],"replies":[{"embeddable":true,"href":"https:\/\/intranet.mteps.gob.bo\/index.php\/wp-json\/wp\/v2\/comments?post=328"}],"version-history":[{"count":15,"href":"https:\/\/intranet.mteps.gob.bo\/index.php\/wp-json\/wp\/v2\/pages\/328\/revisions"}],"predecessor-version":[{"id":17424,"href":"https:\/\/intranet.mteps.gob.bo\/index.php\/wp-json\/wp\/v2\/pages\/328\/revisions\/17424"}],"wp:attachment":[{"href":"https:\/\/intranet.mteps.gob.bo\/index.php\/wp-json\/wp\/v2\/media?parent=328"}],"curies":[{"name":"wp","href":"https:\/\/api.w.org\/{rel}","templated":true}]}}