{"id":301,"date":"2024-04-05T21:27:06","date_gmt":"2024-04-05T19:27:06","guid":{"rendered":"https:\/\/intranet.mteps.gob.bo\/?page_id=301"},"modified":"2024-08-12T23:22:31","modified_gmt":"2024-08-12T21:22:31","slug":"fotografias","status":"publish","type":"page","link":"https:\/\/intranet.mteps.gob.bo\/index.php\/fotografias\/","title":{"rendered":"Fotograf\u00edas"},"content":{"rendered":"\n<figure class=\"wp-block-gallery has-nested-images columns-default is-cropped wp-block-gallery-1 is-layout-flex wp-block-gallery-is-layout-flex\">\n<figure class=\"wp-block-image size-large\"><img decoding=\"async\" data-id=\"1146\" src=\"https:\/\/intranet.mteps.gob.bo\/wp-content\/uploads\/2024\/04\/1.png\" alt=\"\" class=\"wp-image-1146\"\/><\/figure>\n\n\n\n<figure class=\"wp-block-image size-large\"><img decoding=\"async\" data-id=\"1149\" src=\"https:\/\/intranet.mteps.gob.bo\/wp-content\/uploads\/2024\/04\/nota6-1024x745.jpg\" alt=\"\" class=\"wp-image-1149\"\/><\/figure>\n\n\n\n<figure class=\"wp-block-image size-large\"><img decoding=\"async\" data-id=\"1148\" src=\"https:\/\/intranet.mteps.gob.bo\/wp-content\/uploads\/2024\/04\/nota7-1-1024x745.jpg\" alt=\"\" class=\"wp-image-1148\"\/><\/figure>\n\n\n\n<figure class=\"wp-block-image size-large\"><img decoding=\"async\" data-id=\"1140\" src=\"https:\/\/intranet.mteps.gob.bo\/wp-content\/uploads\/2024\/04\/nota-3-1024x744.jpeg\" alt=\"\" class=\"wp-image-1140\"\/><\/figure>\n\n\n\n<figure class=\"wp-block-image size-large\"><img decoding=\"async\" data-id=\"1142\" src=\"https:\/\/intranet.mteps.gob.bo\/wp-content\/uploads\/2024\/04\/nota-6.1-1024x745.jpeg\" alt=\"\" class=\"wp-image-1142\"\/><\/figure>\n\n\n\n<figure class=\"wp-block-image size-large\"><img decoding=\"async\" data-id=\"1143\" src=\"https:\/\/intranet.mteps.gob.bo\/wp-content\/uploads\/2024\/04\/nota-6-1024x745.jpeg\" alt=\"\" class=\"wp-image-1143\"\/><\/figure>\n\n\n\n<figure class=\"wp-block-image size-large\"><img decoding=\"async\" data-id=\"1147\" src=\"https:\/\/intranet.mteps.gob.bo\/wp-content\/uploads\/2024\/04\/nota-7-1024x745.jpeg\" alt=\"\" class=\"wp-image-1147\"\/><\/figure>\n\n\n\n<figure class=\"wp-block-image size-large\"><img decoding=\"async\" data-id=\"1145\" src=\"https:\/\/intranet.mteps.gob.bo\/wp-content\/uploads\/2024\/04\/nota-8-1024x768.jpeg\" alt=\"\" class=\"wp-image-1145\"\/><\/figure>\n\n\n\n<figure class=\"wp-block-image size-large\"><img decoding=\"async\" data-id=\"1150\" src=\"https:\/\/intranet.mteps.gob.bo\/wp-content\/uploads\/2024\/04\/nota-9-1024x745.jpeg\" alt=\"\" class=\"wp-image-1150\"\/><\/figure>\n\n\n\n\n\n<figure class=\"wp-block-image size-large\"><img decoding=\"async\" data-id=\"1141\" src=\"https:\/\/intranet.mteps.gob.bo\/wp-content\/uploads\/2024\/04\/Nota-14-1-1024x576.jpeg\" alt=\"\" class=\"wp-image-1141\"\/><\/figure>\n\n\n\n<figure class=\"wp-block-image size-large\"><img decoding=\"async\" data-id=\"1144\" src=\"https:\/\/intranet.mteps.gob.bo\/wp-content\/uploads\/2024\/04\/Nota-15-1-1024x682.jpeg\" alt=\"\" class=\"wp-image-1144\"\/><\/figure>\n\n\n\n<figure class=\"wp-block-image size-large\"><img decoding=\"async\" data-id=\"1154\" src=\"https:\/\/intranet.mteps.gob.bo\/wp-content\/uploads\/2024\/04\/Nota-16-1-1024x744.jpeg\" alt=\"\" class=\"wp-image-1154\"\/><\/figure>\n\n\n\n<figure class=\"wp-block-image size-large\"><img decoding=\"async\" data-id=\"1152\" src=\"https:\/\/intranet.mteps.gob.bo\/wp-content\/uploads\/2024\/04\/Nota-17-1-1024x744.jpeg\" alt=\"\" class=\"wp-image-1152\"\/><\/figure>\n\n\n\n<figure class=\"wp-block-image size-large\"><img decoding=\"async\" data-id=\"1155\" src=\"https:\/\/intranet.mteps.gob.bo\/wp-content\/uploads\/2024\/04\/Nota-18-1-1024x744.jpeg\" alt=\"\" class=\"wp-image-1155\"\/><\/figure>\n\n\n\n<figure class=\"wp-block-image size-large\"><img decoding=\"async\" data-id=\"1151\" src=\"https:\/\/intranet.mteps.gob.bo\/wp-content\/uploads\/2024\/04\/Nota-19-1-1024x744.jpeg\" alt=\"\" class=\"wp-image-1151\"\/><\/figure>\n\n\n\n<figure class=\"wp-block-image size-large\"><img decoding=\"async\" data-id=\"1156\" src=\"https:\/\/intranet.mteps.gob.bo\/wp-content\/uploads\/2024\/04\/Nota-20-1-1024x744.jpeg\" alt=\"\" class=\"wp-image-1156\"\/><\/figure>\n\n\n\n<figure class=\"wp-block-image size-large\"><img decoding=\"async\" data-id=\"1153\" src=\"https:\/\/intranet.mteps.gob.bo\/wp-content\/uploads\/2024\/04\/photo_5114289298089290301_y-1024x466.jpeg\" alt=\"\" class=\"wp-image-1153\"\/><\/figure>\n<\/figure>\n\n\n\n<figure class=\"wp-block-gallery has-nested-images columns-default is-cropped wp-block-gallery-2 is-layout-flex wp-block-gallery-is-layout-flex\">\n<figure class=\"wp-block-image size-large\"><img decoding=\"async\" data-id=\"1157\" src=\"https:\/\/intranet.mteps.gob.bo\/wp-content\/uploads\/2024\/04\/ACM-AEROPUERTO-DESPEDIDA-SELECCION-FIRST-GLOBAL-2022-GINEBRA-9-1024x640.jpg\" alt=\"\" class=\"wp-image-1157\"\/><\/figure>\n\n\n\n<figure class=\"wp-block-image size-large\"><img decoding=\"async\" data-id=\"1161\" src=\"https:\/\/intranet.mteps.gob.bo\/wp-content\/uploads\/2024\/04\/ACM-AEROPUERTO-DESPEDIDA-SELECCION-FIRST-GLOBAL-2022-GINEBRA-11-1024x640.jpg\" alt=\"\" class=\"wp-image-1161\"\/><\/figure>\n\n\n\n<figure class=\"wp-block-image size-large\"><img decoding=\"async\" data-id=\"1160\" src=\"https:\/\/intranet.mteps.gob.bo\/wp-content\/uploads\/2024\/04\/ACM-CASA-GRANDE-DEL-PUEBLO-LANZAMIENTO-DEL-FIRTS-MARIANELA-2-Mejorado-NR-1024x640.jpg\" alt=\"\" class=\"wp-image-1160\"\/><\/figure>\n\n\n\n<figure class=\"wp-block-image size-large\"><img decoding=\"async\" data-id=\"1158\" src=\"https:\/\/intranet.mteps.gob.bo\/wp-content\/uploads\/2024\/04\/ACM-CASA-GRANDE-DEL-PUEBLO-LANZAMIENTO-DEL-FIRTS-Mejorado-NR-1024x640.jpg\" alt=\"\" class=\"wp-image-1158\"\/><\/figure>\n\n\n\n<figure class=\"wp-block-image size-large\"><img decoding=\"async\" data-id=\"1163\" src=\"https:\/\/intranet.mteps.gob.bo\/wp-content\/uploads\/2024\/04\/SUIZA3-1.png\" alt=\"\" class=\"wp-image-1163\"\/><\/figure>\n\n\n\n<figure class=\"wp-block-image size-large\"><img decoding=\"async\" data-id=\"1159\" src=\"https:\/\/intranet.mteps.gob.bo\/wp-content\/uploads\/2024\/04\/SUIZA3.png\" alt=\"\" class=\"wp-image-1159\"\/><\/figure>\n<\/figure>\n\n\n\n<figure class=\"wp-block-video\"><video controls src=\"https:\/\/fb.watch\/rpeyCSFMQi\/\"><\/video><\/figure>\n\n\n\n<iframe loading=\"lazy\" width=\"100%\" height=\"473\" src=\"https:\/\/www.youtube.com\/embed\/f51EyLfXBy0\" title=\"AGETIC te brinda los pasos para registrarte como Ciudadano Digital.\" frameborder=\"0\" allow=\"accelerometer; autoplay; clipboard-write; encrypted-media; gyroscope; picture-in-picture; web-share\" referrerpolicy=\"strict-origin-when-cross-origin\" allowfullscreen><\/iframe>\n\n\n\n<iframe loading=\"lazy\" width=\"100%\" height=\"473\" src=\"https:\/\/www.youtube.com\/embed\/fz06gebvYqw\" title=\"Audiencia de Rendici\u00f3n P\u00fablica de Cuentas Inicial Gesti\u00f3n 2024\" frameborder=\"0\" allow=\"accelerometer; autoplay; clipboard-write; encrypted-media; gyroscope; picture-in-picture; web-share\" referrerpolicy=\"strict-origin-when-cross-origin\" allowfullscreen><\/iframe>\n","protected":false},"excerpt":{"rendered":"","protected":false},"author":1,"featured_media":0,"parent":0,"menu_order":0,"comment_status":"closed","ping_status":"closed","template":"","meta":{"_acf_changed":false,"footnotes":""},"class_list":["post-301","page","type-page","status-publish","hentry"],"acf":[],"_links":{"self":[{"href":"https:\/\/intranet.mteps.gob.bo\/index.php\/wp-json\/wp\/v2\/pages\/301","targetHints":{"allow":["GET"]}}],"collection":[{"href":"https:\/\/intranet.mteps.gob.bo\/index.php\/wp-json\/wp\/v2\/pages"}],"about":[{"href":"https:\/\/intranet.mteps.gob.bo\/index.php\/wp-json\/wp\/v2\/types\/page"}],"author":[{"embeddable":true,"href":"https:\/\/intranet.mteps.gob.bo\/index.php\/wp-json\/wp\/v2\/users\/1"}],"replies":[{"embeddable":true,"href":"https:\/\/intranet.mteps.gob.bo\/index.php\/wp-json\/wp\/v2\/comments?post=301"}],"version-history":[{"count":20,"href":"https:\/\/intranet.mteps.gob.bo\/index.php\/wp-json\/wp\/v2\/pages\/301\/revisions"}],"predecessor-version":[{"id":5163,"href":"https:\/\/intranet.mteps.gob.bo\/index.php\/wp-json\/wp\/v2\/pages\/301\/revisions\/5163"}],"wp:attachment":[{"href":"https:\/\/intranet.mteps.gob.bo\/index.php\/wp-json\/wp\/v2\/media?parent=301"}],"curies":[{"name":"wp","href":"https:\/\/api.w.org\/{rel}","templated":true}]}}