{"id":11701,"date":"2024-12-13T19:56:57","date_gmt":"2024-12-13T18:56:57","guid":{"rendered":"https:\/\/intranet.mteps.gob.bo\/?page_id=11701"},"modified":"2025-05-19T17:46:47","modified_gmt":"2025-05-19T15:46:47","slug":"terminos-y-condiciones","status":"publish","type":"page","link":"https:\/\/intranet.mteps.gob.bo\/index.php\/terminos-y-condiciones\/","title":{"rendered":"T\u00e9rminos y Condiciones de Uso de la P\u00e1gina Web Institucional"},"content":{"rendered":"\n<p><\/p>\n\n\n\n<ol class=\"wp-block-list\">\n<li><strong>OBJETO.<\/strong><br>La p\u00e1gina web institucional de <strong><em>[Nombre de la instituci\u00f3n]<\/em><\/strong> tiene como objeto proporcionar informaci\u00f3n sobre la instituci\u00f3n, sus actividades, tr\u00e1mites, servicios y proyectos. Esta p\u00e1gina cumple con la informaci\u00f3n solicitada desde el Ministerio de Justicia y de Transparencia Institucional de acuerdo a lo establecido en el Decreto Supremo N\u00b0 5340, de 26 de febrero de 2025.<\/li>\n\n\n\n<li><strong>ACEPTACI\u00d3N DE T\u00c9RMINOS.<\/strong><br>2.1. <strong><em>[Nombre de la instituci\u00f3n]<\/em><\/strong>, denominada en adelante la \u201cEntidad\u201d, administrar\u00e1 la informaci\u00f3n, actividades, tr\u00e1mites, servicios y proyectos publicados en su p\u00e1gina web institucional.<br>2.2. Se considera usuario a toda persona que acceda, navegue y utilice los servicios y actividades ofrecidas en la p\u00e1gina web institucional de la Entidad.<br>2.3. El acceso y uso de la p\u00e1gina web institucional de la Entidad, por parte de los usuarios implica la aceptaci\u00f3n plena y sin reservas de los presentes T\u00e9rminos y Condiciones de Uso.<br>2.4. El usuario se compromete a cumplir con todas las disposiciones aqu\u00ed contenidas, as\u00ed como con las leyes y reglamentos aplicables al uso de la \u1e55agina web institucional de la Entidad.<\/li>\n\n\n\n<li><strong>CONDICIONES DE ACCESO Y UTILIZACI\u00d3N DE LAS P\u00c1GINAS WEB INSTITUCIONALES.<\/strong><br>3.1. La utilizaci\u00f3n de la p\u00e1gina web institucional de la Entidad tiene car\u00e1cter gratuito para el usuario, quien tiene la obligaci\u00f3n de utilizarla respetando la normativa vigente, las buenas costumbres y el orden p\u00fablico, bajo el compromiso de no causar da\u00f1os a la Entidad, a otro usuario o a terceros.<br>3.2. La informaci\u00f3n contenida en la p\u00e1gina web institucional de la Entidad ser\u00e1 considerada de car\u00e1cter p\u00fablico. Cuando su uso o tratamiento est\u00e1n sujetos a alg\u00fan tipo de restricci\u00f3n, la Entidad deber\u00e1 indicar expresamente para cada caso y el usuario deber\u00e1 ajustarse a lo indicado.<br>3.3. El usuario se abstendr\u00e1 de utilizar la p\u00e1gina web institucional de la Entidad, sus contenidos o cualquiera de sus servicios y tr\u00e1mites con fines o efectos il\u00edcitos y prohibidos en estos T\u00e9rminos y Condiciones de Uso, o que de cualquier forma puedan da\u00f1ar, inutilizar, sobrecargar, deteriorar o impedir la normal utilizaci\u00f3n de la p\u00e1gina web.<br>3.4. El usuario se compromete a no utilizar el contenido de la p\u00e1gina web institucional para fines comerciales o publicitarios sin el consentimiento previo y expreso de la Entidad.<\/li>\n\n\n\n<li><strong>CONTENIDOS.<\/strong><br>4.1. Los contenidos de la p\u00e1gina web institucional de la Entidad son de su propiedad o de terceros que hayan autorizado su publicaci\u00f3n.<br>4.2 La p\u00e1gina web institucional de la Entidad podr\u00e1 contener enlaces a otros sitios web o portales de terceros. Estos enlaces se proporcionan \u00fanicamente para facilitar el acceso a la informaci\u00f3n, la cual no es responsabilidad de la Entidad.<br>4.3. El usuario puede visualizar y descargar contenidos de la p\u00e1gina web institucional de la Entidad para uso personal y no comercial, siempre y cuando no modifique o elimine los derechos de autor o marcas registradas.<\/li>\n\n\n\n<li><strong>RESPONSABILIDADES DE LA ENTIDAD E INSTITUCIONES P\u00daBLICAS.<\/strong><br>5.1. La Entidad es responsable de la veracidad, integridad y actualidad de los contenidos, tr\u00e1mites y servicios publicados en su p\u00e1gina web institucional, as\u00ed como de sus modificaciones y actualizaciones.<br>5.2. La Entidad se reserva el derecho de modificar, en cualquier momento y sin previo aviso, la presentaci\u00f3n, configuraci\u00f3n de sus contenidos, tr\u00e1mites y servicios de su p\u00e1gina web institucional, pudiendo interrumpir, desactivar y\/o cancelar cualquiera de estos, garantizando que dichas modificaciones ser\u00e1n comunicadas de manera oportuna.<br>5.3. La Entidad podr\u00e1 actuar, por los medios que considere pertinentes y oportunos, contra cualquier utilizaci\u00f3n de su p\u00e1gina web institucional por usuarios o de terceros que incumpla estos T\u00e9rminos y Condiciones de Uso u otra normativa vigente, as\u00ed como cualquier otro derecho de la Entidad, o de otros usuarios o de terceros.<br>5.4. La Entidad se compromete a seguir la l\u00ednea gr\u00e1fica, formatos y contenidos definidos para las p\u00e1ginas web institucionales por la AGETIC y el Ministerio de Justicia y Transparencia Institucional, seg\u00fan sus competencias.<\/li>\n\n\n\n<li><strong>DURACI\u00d3N Y TERMINACI\u00d3N.<\/strong><br>6.1. La vigencia de los presentes T\u00e9rminos y Condiciones de Uso es indefinida.<br>6.2. La Entidad podr\u00e1 modificar los presentes T\u00e9rminos y Condiciones de Uso en cualquier momento, publicando la nueva versi\u00f3n en su p\u00e1gina web institucional.<br>6.3. El uso de la p\u00e1gina web institucional de la Entidad con posterioridad a la publicaci\u00f3n de la nueva versi\u00f3n implica la aceptaci\u00f3n de los mismos por parte del usuario.<\/li>\n\n\n\n<li><strong>CONTACTO.<\/strong><br>Para cualquier consulta, comentario o sugerencia relacionada con la p\u00e1gina web institucional de la Entidad, los usuarios pueden contactar con la misma a trav\u00e9s de los canales de contacto habilitados en su p\u00e1gina.<\/li>\n<\/ol>\n\n\n\n<p><\/p>\n","protected":false},"excerpt":{"rendered":"","protected":false},"author":1,"featured_media":0,"parent":0,"menu_order":0,"comment_status":"closed","ping_status":"closed","template":"","meta":{"_acf_changed":false,"footnotes":""},"class_list":["post-11701","page","type-page","status-publish","hentry"],"acf":[],"_links":{"self":[{"href":"https:\/\/intranet.mteps.gob.bo\/index.php\/wp-json\/wp\/v2\/pages\/11701","targetHints":{"allow":["GET"]}}],"collection":[{"href":"https:\/\/intranet.mteps.gob.bo\/index.php\/wp-json\/wp\/v2\/pages"}],"about":[{"href":"https:\/\/intranet.mteps.gob.bo\/index.php\/wp-json\/wp\/v2\/types\/page"}],"author":[{"embeddable":true,"href":"https:\/\/intranet.mteps.gob.bo\/index.php\/wp-json\/wp\/v2\/users\/1"}],"replies":[{"embeddable":true,"href":"https:\/\/intranet.mteps.gob.bo\/index.php\/wp-json\/wp\/v2\/comments?post=11701"}],"version-history":[{"count":5,"href":"https:\/\/intranet.mteps.gob.bo\/index.php\/wp-json\/wp\/v2\/pages\/11701\/revisions"}],"predecessor-version":[{"id":17133,"href":"https:\/\/intranet.mteps.gob.bo\/index.php\/wp-json\/wp\/v2\/pages\/11701\/revisions\/17133"}],"wp:attachment":[{"href":"https:\/\/intranet.mteps.gob.bo\/index.php\/wp-json\/wp\/v2\/media?parent=11701"}],"curies":[{"name":"wp","href":"https:\/\/api.w.org\/{rel}","templated":true}]}}